{"id":2177,"date":"2025-09-04T11:45:57","date_gmt":"2025-09-04T09:45:57","guid":{"rendered":"http:\/\/hauser.n01.cloudware.de\/extras"},"modified":"2026-02-02T11:32:38","modified_gmt":"2026-02-02T09:32:38","slug":"extras","status":"publish","type":"page","link":"https:\/\/hotel-hauser.de\/en\/extras","title":{"rendered":"Extras"},"content":{"rendered":"\t\t<div data-elementor-type=\"wp-page\" data-elementor-id=\"2177\" class=\"elementor elementor-2177 elementor-999\" data-elementor-post-type=\"page\">\n\t\t\t\t<div class=\"elementor-element elementor-element-d5e3372 e-flex e-con-boxed e-con e-parent\" data-id=\"d5e3372\" data-element_type=\"container\" data-settings=\"{&quot;background_background&quot;:&quot;classic&quot;,&quot;jet_parallax_layout_list&quot;:[]}\">\n\t\t\t\t\t<div class=\"e-con-inner\">\n\t\t\t\t\t<\/div>\n\t\t\t\t<\/div>\n\t\t<div class=\"elementor-element elementor-element-aa647c2 e-flex e-con-boxed e-con e-parent\" data-id=\"aa647c2\" data-element_type=\"container\" data-settings=\"{&quot;background_background&quot;:&quot;classic&quot;,&quot;jet_parallax_layout_list&quot;:[]}\">\n\t\t\t\t\t<div class=\"e-con-inner\">\n\t\t\t\t<div class=\"elementor-element elementor-element-0d0702e elementor-widget elementor-widget-heading\" data-id=\"0d0702e\" data-element_type=\"widget\" data-widget_type=\"heading.default\">\n\t\t\t\t<div class=\"elementor-widget-container\">\n\t\t\t\t\t<h1 class=\"elementor-heading-title elementor-size-default\">Your break in Munich \u2013 relaxing or active<\/h1>\t\t\t\t<\/div>\n\t\t\t\t<\/div>\n\t\t\t\t<div class=\"elementor-element elementor-element-e55f0e1 elementor-widget-divider--view-line elementor-widget elementor-widget-divider\" data-id=\"e55f0e1\" data-element_type=\"widget\" data-widget_type=\"divider.default\">\n\t\t\t\t<div class=\"elementor-widget-container\">\n\t\t\t\t\t\t\t<div class=\"elementor-divider\">\n\t\t\t<span class=\"elementor-divider-separator\">\n\t\t\t\t\t\t<\/span>\n\t\t<\/div>\n\t\t\t\t\t\t<\/div>\n\t\t\t\t<\/div>\n\t\t\t\t<div class=\"elementor-element elementor-element-6c540b8 elementor-widget__width-initial elementor-widget elementor-widget-text-editor\" data-id=\"6c540b8\" data-element_type=\"widget\" data-widget_type=\"text-editor.default\">\n\t\t\t\t<div class=\"elementor-widget-container\">\n\t\t\t\t\t\t\t\t\t<p>After an eventful day in Munich, there are various ways to unwind at our hotel. Enjoy the soothing warmth of our sauna or relax with a visit to our steam bath. Both areas offer the perfect opportunity to end the day and recharge your batteries.<\/p>\n\t\t\t\t\t\t\t\t<\/div>\n\t\t\t\t<\/div>\n\t\t\t\t\t<\/div>\n\t\t\t\t<\/div>\n\t\t<div class=\"elementor-element elementor-element-0c4ed04 e-flex e-con-boxed e-con e-parent\" data-id=\"0c4ed04\" data-element_type=\"container\" data-settings=\"{&quot;background_background&quot;:&quot;classic&quot;,&quot;jet_parallax_layout_list&quot;:[]}\">\n\t\t\t\t\t<div class=\"e-con-inner\">\n\t\t<div class=\"elementor-element elementor-element-d253cd6 e-con-full room-block e-flex e-con e-child\" data-id=\"d253cd6\" data-element_type=\"container\" data-settings=\"{&quot;jet_parallax_layout_list&quot;:[]}\">\n\t\t\t\t<div class=\"elementor-element elementor-element-99ad58b elementor-widget elementor-widget-heading\" data-id=\"99ad58b\" data-element_type=\"widget\" data-widget_type=\"heading.default\">\n\t\t\t\t<div class=\"elementor-widget-container\">\n\t\t\t\t\t<h3 class=\"elementor-heading-title elementor-size-default\">Sauna<\/h3>\t\t\t\t<\/div>\n\t\t\t\t<\/div>\n\t\t\t\t<div class=\"elementor-element elementor-element-98a1be1 elementor-widget-divider--view-line elementor-widget elementor-widget-divider\" data-id=\"98a1be1\" data-element_type=\"widget\" data-widget_type=\"divider.default\">\n\t\t\t\t<div class=\"elementor-widget-container\">\n\t\t\t\t\t\t\t<div class=\"elementor-divider\">\n\t\t\t<span class=\"elementor-divider-separator\">\n\t\t\t\t\t\t<\/span>\n\t\t<\/div>\n\t\t\t\t\t\t<\/div>\n\t\t\t\t<\/div>\n\t\t\t\t<div class=\"elementor-element elementor-element-ddee04e elementor-widget elementor-widget-text-editor\" data-id=\"ddee04e\" data-element_type=\"widget\" data-widget_type=\"text-editor.default\">\n\t\t\t\t<div class=\"elementor-widget-container\">\n\t\t\t\t\t\t\t\t\t<p>After an active day in Munich, successful business meetings, or trade fairs, your mind and body will appreciate the warming relaxation of our sauna. Enjoy the cozy warmth and tranquility of our separate relaxation area.<\/p>\n<p>Please let us know at least one hour in advance if you would like to use the sauna. This will allow us to prepare everything so that all you have to do is sit back and relax.<\/p>\n\t\t\t\t\t\t\t\t<\/div>\n\t\t\t\t<\/div>\n\t\t\t\t<\/div>\n\t\t\t\t<div class=\"elementor-element elementor-element-b6a3441 elementor-widget__width-inherit elementor-widget elementor-widget-image\" data-id=\"b6a3441\" data-element_type=\"widget\" data-widget_type=\"image.default\">\n\t\t\t\t<div class=\"elementor-widget-container\">\n\t\t\t\t\t\t\t\t\t\t\t\t\t\t\t<img fetchpriority=\"high\" decoding=\"async\" width=\"1920\" height=\"1434\" src=\"https:\/\/hotel-hauser.de\/wp-content\/uploads\/hotel-hauser-muenchen-sauna-dusche.webp\" class=\"attachment-large size-large wp-image-1042\" alt=\"Umkleideraum mit Dusche, Sauna-T\u00fcr, Fitnessger\u00e4ten und Info-Tafeln \u00fcber \u00dcbungen an einer Holzwand.\" srcset=\"https:\/\/hotel-hauser.de\/wp-content\/uploads\/hotel-hauser-muenchen-sauna-dusche.webp 1920w, https:\/\/hotel-hauser.de\/wp-content\/uploads\/hotel-hauser-muenchen-sauna-dusche-768x574.webp 768w, https:\/\/hotel-hauser.de\/wp-content\/uploads\/hotel-hauser-muenchen-sauna-dusche-1536x1147.webp 1536w\" sizes=\"(max-width: 1920px) 100vw, 1920px\" \/>\t\t\t\t\t\t\t\t\t\t\t\t\t\t\t<\/div>\n\t\t\t\t<\/div>\n\t\t\t\t\t<\/div>\n\t\t\t\t<\/div>\n\t\t<div class=\"elementor-element elementor-element-6ec3de5 e-flex e-con-boxed e-con e-parent\" data-id=\"6ec3de5\" data-element_type=\"container\" data-settings=\"{&quot;background_background&quot;:&quot;classic&quot;,&quot;jet_parallax_layout_list&quot;:[]}\">\n\t\t\t\t\t<div class=\"e-con-inner\">\n\t\t\t\t<div class=\"elementor-element elementor-element-128f8c6 elementor-widget__width-inherit elementor-widget elementor-widget-image\" data-id=\"128f8c6\" data-element_type=\"widget\" data-widget_type=\"image.default\">\n\t\t\t\t<div class=\"elementor-widget-container\">\n\t\t\t\t\t\t\t\t\t\t\t\t\t\t\t<img decoding=\"async\" width=\"1920\" height=\"1434\" src=\"https:\/\/hotel-hauser.de\/wp-content\/uploads\/hotel-hauser-muenchen-saunaraum.webp\" class=\"attachment-large size-large wp-image-1040\" alt=\"Gem\u00fctliche Sitzecke mit gestreiften Liegen, einem kleinen Tisch und dekorativen Bildern an der Wand.\" srcset=\"https:\/\/hotel-hauser.de\/wp-content\/uploads\/hotel-hauser-muenchen-saunaraum.webp 1920w, https:\/\/hotel-hauser.de\/wp-content\/uploads\/hotel-hauser-muenchen-saunaraum-768x574.webp 768w, https:\/\/hotel-hauser.de\/wp-content\/uploads\/hotel-hauser-muenchen-saunaraum-1536x1147.webp 1536w\" sizes=\"(max-width: 1920px) 100vw, 1920px\" \/>\t\t\t\t\t\t\t\t\t\t\t\t\t\t\t<\/div>\n\t\t\t\t<\/div>\n\t\t<div class=\"elementor-element elementor-element-5022275 e-con-full room-block e-flex e-con e-child\" data-id=\"5022275\" data-element_type=\"container\" data-settings=\"{&quot;jet_parallax_layout_list&quot;:[]}\">\n\t\t\t\t<div class=\"elementor-element elementor-element-f775d31 elementor-widget elementor-widget-heading\" data-id=\"f775d31\" data-element_type=\"widget\" data-widget_type=\"heading.default\">\n\t\t\t\t<div class=\"elementor-widget-container\">\n\t\t\t\t\t<h3 class=\"elementor-heading-title elementor-size-default\">Steam bath<\/h3>\t\t\t\t<\/div>\n\t\t\t\t<\/div>\n\t\t\t\t<div class=\"elementor-element elementor-element-10c2077 elementor-widget-divider--view-line elementor-widget elementor-widget-divider\" data-id=\"10c2077\" data-element_type=\"widget\" data-widget_type=\"divider.default\">\n\t\t\t\t<div class=\"elementor-widget-container\">\n\t\t\t\t\t\t\t<div class=\"elementor-divider\">\n\t\t\t<span class=\"elementor-divider-separator\">\n\t\t\t\t\t\t<\/span>\n\t\t<\/div>\n\t\t\t\t\t\t<\/div>\n\t\t\t\t<\/div>\n\t\t\t\t<div class=\"elementor-element elementor-element-6d99b71 elementor-widget elementor-widget-text-editor\" data-id=\"6d99b71\" data-element_type=\"widget\" data-widget_type=\"text-editor.default\">\n\t\t\t\t<div class=\"elementor-widget-container\">\n\t\t\t\t\t\t\t\t\t<p>Do you prefer to relax in milder temperatures and high humidity? Then a visit to our steam bath could be just the right way to end your day. Take a deep breath and treat your body to some liberating warmth.<\/p>\n<p>Please let us know at least 1 hour in advance if you would like to use the steam bath. That way, we can get everything ready and all you have to do is sit back and relax.<\/p>\n\t\t\t\t\t\t\t\t<\/div>\n\t\t\t\t<\/div>\n\t\t\t\t<\/div>\n\t\t\t\t\t<\/div>\n\t\t\t\t<\/div>\n\t\t<div class=\"elementor-element elementor-element-9dae401 e-flex e-con-boxed e-con e-parent\" data-id=\"9dae401\" data-element_type=\"container\" data-settings=\"{&quot;background_background&quot;:&quot;classic&quot;,&quot;jet_parallax_layout_list&quot;:[]}\">\n\t\t\t\t\t<div class=\"e-con-inner\">\n\t\t<div class=\"elementor-element elementor-element-a71fa25 e-con-full room-block e-flex e-con e-child\" data-id=\"a71fa25\" data-element_type=\"container\" data-settings=\"{&quot;jet_parallax_layout_list&quot;:[]}\">\n\t\t\t\t<div class=\"elementor-element elementor-element-541099b elementor-widget elementor-widget-heading\" data-id=\"541099b\" data-element_type=\"widget\" data-widget_type=\"heading.default\">\n\t\t\t\t<div class=\"elementor-widget-container\">\n\t\t\t\t\t<h3 class=\"elementor-heading-title elementor-size-default\">Fitness area<\/h3>\t\t\t\t<\/div>\n\t\t\t\t<\/div>\n\t\t\t\t<div class=\"elementor-element elementor-element-eab2b2a elementor-widget-divider--view-line elementor-widget elementor-widget-divider\" data-id=\"eab2b2a\" data-element_type=\"widget\" data-widget_type=\"divider.default\">\n\t\t\t\t<div class=\"elementor-widget-container\">\n\t\t\t\t\t\t\t<div class=\"elementor-divider\">\n\t\t\t<span class=\"elementor-divider-separator\">\n\t\t\t\t\t\t<\/span>\n\t\t<\/div>\n\t\t\t\t\t\t<\/div>\n\t\t\t\t<\/div>\n\t\t\t\t<div class=\"elementor-element elementor-element-74660c4 elementor-widget elementor-widget-text-editor\" data-id=\"74660c4\" data-element_type=\"widget\" data-widget_type=\"text-editor.default\">\n\t\t\t\t<div class=\"elementor-widget-container\">\n\t\t\t\t\t\t\t\t\t<p>Under \u201c<a href=\"https:\/\/hotel-hauser.de\/en\/nearby\/sports-facilities\" target=\"_blank\" rel=\"noopener\">Sports facilities<\/a>\u201d we have presented a wide range of options for active leisure activities in Munich. If you don&#8217;t want to leave the hotel, we offer a stepper and an exercise bike in our basement.<\/p>\n<p>You can use the equipment at any time.<\/p>\n\t\t\t\t\t\t\t\t<\/div>\n\t\t\t\t<\/div>\n\t\t\t\t<\/div>\n\t\t\t\t<div class=\"elementor-element elementor-element-338012b elementor-widget__width-inherit elementor-widget elementor-widget-image\" data-id=\"338012b\" data-element_type=\"widget\" data-widget_type=\"image.default\">\n\t\t\t\t<div class=\"elementor-widget-container\">\n\t\t\t\t\t\t\t\t\t\t\t\t\t\t\t<img decoding=\"async\" width=\"1912\" height=\"2560\" src=\"https:\/\/hotel-hauser.de\/wp-content\/uploads\/hotel-hauser-muenchen-saunaraum-fitness-scaled.webp\" class=\"attachment-large size-large wp-image-1038\" alt=\"Zwei Fitnessger\u00e4te (Cross-Trainer und Heimtrainer) stehen in einem Raum mit Holzverkleidung und einem Landschaftsgem\u00e4lde.\" srcset=\"https:\/\/hotel-hauser.de\/wp-content\/uploads\/hotel-hauser-muenchen-saunaraum-fitness-scaled.webp 1912w, https:\/\/hotel-hauser.de\/wp-content\/uploads\/hotel-hauser-muenchen-saunaraum-fitness-768x1028.webp 768w, https:\/\/hotel-hauser.de\/wp-content\/uploads\/hotel-hauser-muenchen-saunaraum-fitness-1147x1536.webp 1147w, https:\/\/hotel-hauser.de\/wp-content\/uploads\/hotel-hauser-muenchen-saunaraum-fitness-1529x2048.webp 1529w\" sizes=\"(max-width: 1912px) 100vw, 1912px\" \/>\t\t\t\t\t\t\t\t\t\t\t\t\t\t\t<\/div>\n\t\t\t\t<\/div>\n\t\t\t\t\t<\/div>\n\t\t\t\t<\/div>\n\t\t\t\t<\/div>\n\t\t","protected":false},"excerpt":{"rendered":"<p>Your break in Munich \u2013 relaxing or active After an eventful day in Munich, there are various ways to unwind at our hotel. Enjoy the soothing warmth of our sauna or relax with a visit to our steam bath. Both areas offer the perfect opportunity to end the day and recharge your batteries. Sauna After [&hellip;]<\/p>\n","protected":false},"author":7,"featured_media":0,"parent":0,"menu_order":0,"comment_status":"closed","ping_status":"closed","template":"","meta":{"_acf_changed":false,"footnotes":""},"class_list":["post-2177","page","type-page","status-publish","hentry"],"acf":[],"_links":{"self":[{"href":"https:\/\/hotel-hauser.de\/en\/wp-json\/wp\/v2\/pages\/2177","targetHints":{"allow":["GET"]}}],"collection":[{"href":"https:\/\/hotel-hauser.de\/en\/wp-json\/wp\/v2\/pages"}],"about":[{"href":"https:\/\/hotel-hauser.de\/en\/wp-json\/wp\/v2\/types\/page"}],"author":[{"embeddable":true,"href":"https:\/\/hotel-hauser.de\/en\/wp-json\/wp\/v2\/users\/7"}],"replies":[{"embeddable":true,"href":"https:\/\/hotel-hauser.de\/en\/wp-json\/wp\/v2\/comments?post=2177"}],"version-history":[{"count":8,"href":"https:\/\/hotel-hauser.de\/en\/wp-json\/wp\/v2\/pages\/2177\/revisions"}],"predecessor-version":[{"id":2571,"href":"https:\/\/hotel-hauser.de\/en\/wp-json\/wp\/v2\/pages\/2177\/revisions\/2571"}],"wp:attachment":[{"href":"https:\/\/hotel-hauser.de\/en\/wp-json\/wp\/v2\/media?parent=2177"}],"curies":[{"name":"wp","href":"https:\/\/api.w.org\/{rel}","templated":true}]}}